{"id":1329,"date":"2026-02-13T16:57:36","date_gmt":"2026-02-13T16:57:36","guid":{"rendered":"https:\/\/www.lesclesdelauraconciergerie.com\/?page_id=1329"},"modified":"2026-03-03T19:11:11","modified_gmt":"2026-03-03T19:11:11","slug":"politique-de-cookies","status":"publish","type":"page","link":"https:\/\/www.lesclesdelauraconciergerie.com\/index.php\/politique-de-cookies\/","title":{"rendered":"Politique de cookies"},"content":{"rendered":"\t\t<div data-elementor-type=\"wp-page\" data-elementor-id=\"1329\" class=\"elementor elementor-1329\">\n\t\t\t\t<div class=\"elementor-element elementor-element-f0aa068 e-flex e-con-boxed e-con e-parent\" data-id=\"f0aa068\" data-element_type=\"container\" data-e-type=\"container\">\n\t\t\t\t\t<div class=\"e-con-inner\">\n\t\t\t\t<div class=\"elementor-element elementor-element-fafd1aa elementor-widget elementor-widget-spacer\" data-id=\"fafd1aa\" data-element_type=\"widget\" data-e-type=\"widget\" data-widget_type=\"spacer.default\">\n\t\t\t\t\t\t\t<div class=\"elementor-spacer\">\n\t\t\t<div class=\"elementor-spacer-inner\"><\/div>\n\t\t<\/div>\n\t\t\t\t\t\t<\/div>\n\t\t\t\t<div class=\"elementor-element elementor-element-632e42d elementor-widget elementor-widget-heading\" data-id=\"632e42d\" data-element_type=\"widget\" data-e-type=\"widget\" data-widget_type=\"heading.default\">\n\t\t\t\t\t<h2 class=\"elementor-heading-title elementor-size-default\">Politique de cookies\n<\/h2>\t\t\t\t<\/div>\n\t\t\t\t<div class=\"elementor-element elementor-element-787a539 elementor-widget elementor-widget-spacer\" data-id=\"787a539\" data-element_type=\"widget\" data-e-type=\"widget\" data-widget_type=\"spacer.default\">\n\t\t\t\t\t\t\t<div class=\"elementor-spacer\">\n\t\t\t<div class=\"elementor-spacer-inner\"><\/div>\n\t\t<\/div>\n\t\t\t\t\t\t<\/div>\n\t\t\t\t<div class=\"elementor-element elementor-element-71bde7c elementor-widget elementor-widget-text-editor\" data-id=\"71bde7c\" data-element_type=\"widget\" data-e-type=\"widget\" data-widget_type=\"text-editor.default\">\n\t\t\t\t\t\t\t\t\t<p><span style=\"font-weight: 400;\">Le site utilise :<\/span><\/p>\t\t\t\t\t\t\t\t<\/div>\n\t\t\t\t<div class=\"elementor-element elementor-element-7ed37e2 elementor-widget elementor-widget-heading\" data-id=\"7ed37e2\" data-element_type=\"widget\" data-e-type=\"widget\" data-widget_type=\"heading.default\">\n\t\t\t\t\t<h3 class=\"elementor-heading-title elementor-size-default\">Cookies strictement n\u00e9cessaires<\/h3>\t\t\t\t<\/div>\n\t\t\t\t<div class=\"elementor-element elementor-element-6cd1465 elementor-widget elementor-widget-text-editor\" data-id=\"6cd1465\" data-element_type=\"widget\" data-e-type=\"widget\" data-widget_type=\"text-editor.default\">\n\t\t\t\t\t\t\t\t\t<p><span style=\"font-weight: 400;\">Indispensables au fonctionnement du site (gestion de session).<\/span><\/p>\t\t\t\t\t\t\t\t<\/div>\n\t\t\t\t<div class=\"elementor-element elementor-element-ebaf358 elementor-widget elementor-widget-spacer\" data-id=\"ebaf358\" data-element_type=\"widget\" data-e-type=\"widget\" data-widget_type=\"spacer.default\">\n\t\t\t\t\t\t\t<div class=\"elementor-spacer\">\n\t\t\t<div class=\"elementor-spacer-inner\"><\/div>\n\t\t<\/div>\n\t\t\t\t\t\t<\/div>\n\t\t\t\t<div class=\"elementor-element elementor-element-f57444b elementor-widget elementor-widget-heading\" data-id=\"f57444b\" data-element_type=\"widget\" data-e-type=\"widget\" data-widget_type=\"heading.default\">\n\t\t\t\t\t<h3 class=\"elementor-heading-title elementor-size-default\">Cookies de mesure d\u2019audience\n<\/h3>\t\t\t\t<\/div>\n\t\t\t\t<div class=\"elementor-element elementor-element-59ce2b6 elementor-widget elementor-widget-text-editor\" data-id=\"59ce2b6\" data-element_type=\"widget\" data-e-type=\"widget\" data-widget_type=\"text-editor.default\">\n\t\t\t\t\t\t\t\t\t<p><span style=\"font-weight: 400;\">Permettent d\u2019analyser la fr\u00e9quentation et d\u2019am\u00e9liorer les services.<\/span><\/p>\t\t\t\t\t\t\t\t<\/div>\n\t\t\t\t<div class=\"elementor-element elementor-element-8d472f5 elementor-widget elementor-widget-spacer\" data-id=\"8d472f5\" data-element_type=\"widget\" data-e-type=\"widget\" data-widget_type=\"spacer.default\">\n\t\t\t\t\t\t\t<div class=\"elementor-spacer\">\n\t\t\t<div class=\"elementor-spacer-inner\"><\/div>\n\t\t<\/div>\n\t\t\t\t\t\t<\/div>\n\t\t\t\t<div class=\"elementor-element elementor-element-4c2af5d elementor-widget elementor-widget-heading\" data-id=\"4c2af5d\" data-element_type=\"widget\" data-e-type=\"widget\" data-widget_type=\"heading.default\">\n\t\t\t\t\t<h3 class=\"elementor-heading-title elementor-size-default\">Cookies tiers\n<\/h3>\t\t\t\t<\/div>\n\t\t\t\t<div class=\"elementor-element elementor-element-9521aff elementor-widget elementor-widget-text-editor\" data-id=\"9521aff\" data-element_type=\"widget\" data-e-type=\"widget\" data-widget_type=\"text-editor.default\">\n\t\t\t\t\t\t\t\t\t<p><span style=\"font-weight: 400;\">Notamment pour les vid\u00e9os int\u00e9gr\u00e9es ou services externes.<\/span><\/p><p><span style=\"font-weight: 400;\">Un bandeau de consentement permet d\u2019accepter ou refuser les cookies non essentiels.<\/span><span style=\"font-weight: 400;\"><br \/><\/span><span style=\"font-weight: 400;\"> Vous pouvez modifier vos pr\u00e9f\u00e9rences \u00e0 tout moment.<\/span><\/p>\t\t\t\t\t\t\t\t<\/div>\n\t\t\t\t<div class=\"elementor-element elementor-element-576a5b9 elementor-widget elementor-widget-spacer\" data-id=\"576a5b9\" data-element_type=\"widget\" data-e-type=\"widget\" data-widget_type=\"spacer.default\">\n\t\t\t\t\t\t\t<div class=\"elementor-spacer\">\n\t\t\t<div class=\"elementor-spacer-inner\"><\/div>\n\t\t<\/div>\n\t\t\t\t\t\t<\/div>\n\t\t\t\t<div class=\"elementor-element elementor-element-bd7037e elementor-widget elementor-widget-heading\" data-id=\"bd7037e\" data-element_type=\"widget\" data-e-type=\"widget\" data-widget_type=\"heading.default\">\n\t\t\t\t\t<h3 class=\"elementor-heading-title elementor-size-default\">Modification de la politique<\/h3>\t\t\t\t<\/div>\n\t\t\t\t<div class=\"elementor-element elementor-element-14b1a45 elementor-widget elementor-widget-text-editor\" data-id=\"14b1a45\" data-element_type=\"widget\" data-e-type=\"widget\" data-widget_type=\"text-editor.default\">\n\t\t\t\t\t\t\t\t\t<p><span style=\"font-weight: 400;\">La pr\u00e9sente politique peut \u00eatre modifi\u00e9e \u00e0 tout moment afin de se conformer aux \u00e9volutions l\u00e9gislatives ou r\u00e9glementaires.<\/span><span style=\"font-weight: 400;\"><br \/><\/span><span style=\"font-weight: 400;\"> La version en vigueur est celle publi\u00e9e sur le site.<\/span><\/p>\t\t\t\t\t\t\t\t<\/div>\n\t\t\t\t\t<\/div>\n\t\t\t\t<\/div>\n\t\t\t\t<\/div>\n\t\t","protected":false},"excerpt":{"rendered":"<p>Politique de cookies Le site utilise : Cookies strictement n\u00e9cessaires Indispensables au fonctionnement du site (gestion de session). Cookies de mesure d\u2019audience Permettent d\u2019analyser la fr\u00e9quentation et d\u2019am\u00e9liorer les services. Cookies tiers Notamment pour les vid\u00e9os int\u00e9gr\u00e9es ou services externes. Un bandeau de consentement permet d\u2019accepter ou refuser les cookies non essentiels. Vous pouvez modifier [&hellip;]<\/p>\n","protected":false},"author":1,"featured_media":0,"parent":0,"menu_order":0,"comment_status":"closed","ping_status":"closed","template":"elementor_canvas","meta":{"footnotes":""},"class_list":["post-1329","page","type-page","status-publish","hentry"],"yoast_head":"<!-- This site is optimized with the Yoast SEO plugin v27.0 - https:\/\/yoast.com\/product\/yoast-seo-wordpress\/ -->\n<title>Politique de cookies - Les Cl\u00e9s de Laura<\/title>\n<meta name=\"robots\" content=\"index, follow, max-snippet:-1, max-image-preview:large, max-video-preview:-1\" \/>\n<link rel=\"canonical\" href=\"https:\/\/www.lesclesdelauraconciergerie.com\/index.php\/politique-de-cookies\/\" \/>\n<meta property=\"og:locale\" content=\"fr_FR\" \/>\n<meta property=\"og:type\" content=\"article\" \/>\n<meta property=\"og:title\" content=\"Politique de cookies - Les Cl\u00e9s de Laura\" \/>\n<meta property=\"og:description\" content=\"Politique de cookies Le site utilise : Cookies strictement n\u00e9cessaires Indispensables au fonctionnement du site (gestion de session). Cookies de mesure d\u2019audience Permettent d\u2019analyser la fr\u00e9quentation et d\u2019am\u00e9liorer les services. Cookies tiers Notamment pour les vid\u00e9os int\u00e9gr\u00e9es ou services externes. Un bandeau de consentement permet d\u2019accepter ou refuser les cookies non essentiels. Vous pouvez modifier [&hellip;]\" \/>\n<meta property=\"og:url\" content=\"https:\/\/www.lesclesdelauraconciergerie.com\/index.php\/politique-de-cookies\/\" \/>\n<meta property=\"og:site_name\" content=\"Les Cl\u00e9s de Laura\" \/>\n<meta property=\"article:modified_time\" content=\"2026-03-03T19:11:11+00:00\" \/>\n<meta name=\"twitter:card\" content=\"summary_large_image\" \/>\n<meta name=\"twitter:label1\" content=\"Dur\u00e9e de lecture estim\u00e9e\" \/>\n\t<meta name=\"twitter:data1\" content=\"1 minute\" \/>\n<script type=\"application\/ld+json\" class=\"yoast-schema-graph\">{\"@context\":\"https:\/\/schema.org\",\"@graph\":[{\"@type\":\"WebPage\",\"@id\":\"https:\/\/www.lesclesdelauraconciergerie.com\/index.php\/politique-de-cookies\/\",\"url\":\"https:\/\/www.lesclesdelauraconciergerie.com\/index.php\/politique-de-cookies\/\",\"name\":\"Politique de cookies - Les Cl\u00e9s de Laura\",\"isPartOf\":{\"@id\":\"https:\/\/www.lesclesdelauraconciergerie.com\/#website\"},\"datePublished\":\"2026-02-13T16:57:36+00:00\",\"dateModified\":\"2026-03-03T19:11:11+00:00\",\"breadcrumb\":{\"@id\":\"https:\/\/www.lesclesdelauraconciergerie.com\/index.php\/politique-de-cookies\/#breadcrumb\"},\"inLanguage\":\"fr-FR\",\"potentialAction\":[{\"@type\":\"ReadAction\",\"target\":[\"https:\/\/www.lesclesdelauraconciergerie.com\/index.php\/politique-de-cookies\/\"]}]},{\"@type\":\"BreadcrumbList\",\"@id\":\"https:\/\/www.lesclesdelauraconciergerie.com\/index.php\/politique-de-cookies\/#breadcrumb\",\"itemListElement\":[{\"@type\":\"ListItem\",\"position\":1,\"name\":\"Accueil\",\"item\":\"https:\/\/www.lesclesdelauraconciergerie.com\/\"},{\"@type\":\"ListItem\",\"position\":2,\"name\":\"Politique de cookies\"}]},{\"@type\":\"WebSite\",\"@id\":\"https:\/\/www.lesclesdelauraconciergerie.com\/#website\",\"url\":\"https:\/\/www.lesclesdelauraconciergerie.com\/\",\"name\":\"Les Cl\u00e9s de Laura\",\"description\":\"L\u2019excellence au service de votre temps\",\"publisher\":{\"@id\":\"https:\/\/www.lesclesdelauraconciergerie.com\/#organization\"},\"potentialAction\":[{\"@type\":\"SearchAction\",\"target\":{\"@type\":\"EntryPoint\",\"urlTemplate\":\"https:\/\/www.lesclesdelauraconciergerie.com\/?s={search_term_string}\"},\"query-input\":{\"@type\":\"PropertyValueSpecification\",\"valueRequired\":true,\"valueName\":\"search_term_string\"}}],\"inLanguage\":\"fr-FR\"},{\"@type\":\"Organization\",\"@id\":\"https:\/\/www.lesclesdelauraconciergerie.com\/#organization\",\"name\":\"Les Cl\u00e9s de Laura\",\"url\":\"https:\/\/www.lesclesdelauraconciergerie.com\/\",\"logo\":{\"@type\":\"ImageObject\",\"inLanguage\":\"fr-FR\",\"@id\":\"https:\/\/www.lesclesdelauraconciergerie.com\/#\/schema\/logo\/image\/\",\"url\":\"https:\/\/www.lesclesdelauraconciergerie.com\/wp-content\/uploads\/2026\/01\/cropped-Logo-NOIR-sans-fond.png\",\"contentUrl\":\"https:\/\/www.lesclesdelauraconciergerie.com\/wp-content\/uploads\/2026\/01\/cropped-Logo-NOIR-sans-fond.png\",\"width\":1278,\"height\":623,\"caption\":\"Les Cl\u00e9s de Laura\"},\"image\":{\"@id\":\"https:\/\/www.lesclesdelauraconciergerie.com\/#\/schema\/logo\/image\/\"}}]}<\/script>\n<!-- \/ Yoast SEO plugin. -->","yoast_head_json":{"title":"Politique de cookies - Les Cl\u00e9s de Laura","robots":{"index":"index","follow":"follow","max-snippet":"max-snippet:-1","max-image-preview":"max-image-preview:large","max-video-preview":"max-video-preview:-1"},"canonical":"https:\/\/www.lesclesdelauraconciergerie.com\/index.php\/politique-de-cookies\/","og_locale":"fr_FR","og_type":"article","og_title":"Politique de cookies - Les Cl\u00e9s de Laura","og_description":"Politique de cookies Le site utilise : Cookies strictement n\u00e9cessaires Indispensables au fonctionnement du site (gestion de session). Cookies de mesure d\u2019audience Permettent d\u2019analyser la fr\u00e9quentation et d\u2019am\u00e9liorer les services. Cookies tiers Notamment pour les vid\u00e9os int\u00e9gr\u00e9es ou services externes. Un bandeau de consentement permet d\u2019accepter ou refuser les cookies non essentiels. Vous pouvez modifier [&hellip;]","og_url":"https:\/\/www.lesclesdelauraconciergerie.com\/index.php\/politique-de-cookies\/","og_site_name":"Les Cl\u00e9s de Laura","article_modified_time":"2026-03-03T19:11:11+00:00","twitter_card":"summary_large_image","twitter_misc":{"Dur\u00e9e de lecture estim\u00e9e":"1 minute"},"schema":{"@context":"https:\/\/schema.org","@graph":[{"@type":"WebPage","@id":"https:\/\/www.lesclesdelauraconciergerie.com\/index.php\/politique-de-cookies\/","url":"https:\/\/www.lesclesdelauraconciergerie.com\/index.php\/politique-de-cookies\/","name":"Politique de cookies - Les Cl\u00e9s de Laura","isPartOf":{"@id":"https:\/\/www.lesclesdelauraconciergerie.com\/#website"},"datePublished":"2026-02-13T16:57:36+00:00","dateModified":"2026-03-03T19:11:11+00:00","breadcrumb":{"@id":"https:\/\/www.lesclesdelauraconciergerie.com\/index.php\/politique-de-cookies\/#breadcrumb"},"inLanguage":"fr-FR","potentialAction":[{"@type":"ReadAction","target":["https:\/\/www.lesclesdelauraconciergerie.com\/index.php\/politique-de-cookies\/"]}]},{"@type":"BreadcrumbList","@id":"https:\/\/www.lesclesdelauraconciergerie.com\/index.php\/politique-de-cookies\/#breadcrumb","itemListElement":[{"@type":"ListItem","position":1,"name":"Accueil","item":"https:\/\/www.lesclesdelauraconciergerie.com\/"},{"@type":"ListItem","position":2,"name":"Politique de cookies"}]},{"@type":"WebSite","@id":"https:\/\/www.lesclesdelauraconciergerie.com\/#website","url":"https:\/\/www.lesclesdelauraconciergerie.com\/","name":"Les Cl\u00e9s de Laura","description":"L\u2019excellence au service de votre temps","publisher":{"@id":"https:\/\/www.lesclesdelauraconciergerie.com\/#organization"},"potentialAction":[{"@type":"SearchAction","target":{"@type":"EntryPoint","urlTemplate":"https:\/\/www.lesclesdelauraconciergerie.com\/?s={search_term_string}"},"query-input":{"@type":"PropertyValueSpecification","valueRequired":true,"valueName":"search_term_string"}}],"inLanguage":"fr-FR"},{"@type":"Organization","@id":"https:\/\/www.lesclesdelauraconciergerie.com\/#organization","name":"Les Cl\u00e9s de Laura","url":"https:\/\/www.lesclesdelauraconciergerie.com\/","logo":{"@type":"ImageObject","inLanguage":"fr-FR","@id":"https:\/\/www.lesclesdelauraconciergerie.com\/#\/schema\/logo\/image\/","url":"https:\/\/www.lesclesdelauraconciergerie.com\/wp-content\/uploads\/2026\/01\/cropped-Logo-NOIR-sans-fond.png","contentUrl":"https:\/\/www.lesclesdelauraconciergerie.com\/wp-content\/uploads\/2026\/01\/cropped-Logo-NOIR-sans-fond.png","width":1278,"height":623,"caption":"Les Cl\u00e9s de Laura"},"image":{"@id":"https:\/\/www.lesclesdelauraconciergerie.com\/#\/schema\/logo\/image\/"}}]}},"_links":{"self":[{"href":"https:\/\/www.lesclesdelauraconciergerie.com\/index.php\/wp-json\/wp\/v2\/pages\/1329","targetHints":{"allow":["GET"]}}],"collection":[{"href":"https:\/\/www.lesclesdelauraconciergerie.com\/index.php\/wp-json\/wp\/v2\/pages"}],"about":[{"href":"https:\/\/www.lesclesdelauraconciergerie.com\/index.php\/wp-json\/wp\/v2\/types\/page"}],"author":[{"embeddable":true,"href":"https:\/\/www.lesclesdelauraconciergerie.com\/index.php\/wp-json\/wp\/v2\/users\/1"}],"replies":[{"embeddable":true,"href":"https:\/\/www.lesclesdelauraconciergerie.com\/index.php\/wp-json\/wp\/v2\/comments?post=1329"}],"version-history":[{"count":13,"href":"https:\/\/www.lesclesdelauraconciergerie.com\/index.php\/wp-json\/wp\/v2\/pages\/1329\/revisions"}],"predecessor-version":[{"id":3843,"href":"https:\/\/www.lesclesdelauraconciergerie.com\/index.php\/wp-json\/wp\/v2\/pages\/1329\/revisions\/3843"}],"wp:attachment":[{"href":"https:\/\/www.lesclesdelauraconciergerie.com\/index.php\/wp-json\/wp\/v2\/media?parent=1329"}],"curies":[{"name":"wp","href":"https:\/\/api.w.org\/{rel}","templated":true}]}}